{"id":3409,"date":"2018-01-04T11:44:10","date_gmt":"2018-01-04T11:44:10","guid":{"rendered":"http:\/\/192.168.0.112\/grassy\/?page_id=3409"},"modified":"2020-12-06T14:03:36","modified_gmt":"2020-12-06T11:03:36","slug":"our-partners","status":"publish","type":"page","link":"https:\/\/averkonferans.com\/?page_id=3409","title":{"rendered":"PARTNERLER\u0130M\u0130Z"},"content":{"rendered":"<p>[vc_row css=&#8221;.vc_custom_1515068870126{padding-top: 100px !important;padding-bottom: 65px !important;}&#8221; el_class=&#8221;partners&#8221;][vc_column width=&#8221;1\/4&#8243;][vc_single_image image=&#8221;3784&#8243; img_size=&#8221;&#8221; alignment=&#8221;center&#8221; style=&#8221;vc_box_shadow&#8221; onclick=&#8221;custom_link&#8221; img_link_target=&#8221;_blank&#8221; link=&#8221;#&#8221; css=&#8221;.vc_custom_1607193132172{padding-top: 20px !important;padding-right: 20px !important;padding-bottom: 20px !important;padding-left: 20px !important;}&#8221;][vc_single_image image=&#8221;3778&#8243; img_size=&#8221;&#8221; alignment=&#8221;center&#8221; style=&#8221;vc_box_shadow&#8221; onclick=&#8221;custom_link&#8221; img_link_target=&#8221;_blank&#8221; link=&#8221;#&#8221; css=&#8221;.vc_custom_1607193200634{padding-top: 20px !important;padding-right: 20px !important;padding-bottom: 20px !important;padding-left: 20px !important;}&#8221;][\/vc_column][vc_column width=&#8221;1\/4&#8243;][vc_single_image image=&#8221;3781&#8243; img_size=&#8221;&#8221; alignment=&#8221;center&#8221; style=&#8221;vc_box_shadow&#8221; onclick=&#8221;custom_link&#8221; img_link_target=&#8221;_blank&#8221; link=&#8221;#&#8221; css=&#8221;.vc_custom_1607193151618{padding-top: 20px !important;padding-right: 20px !important;padding-bottom: 20px !important;padding-left: 20px !important;}&#8221;][vc_single_image image=&#8221;3782&#8243; img_size=&#8221;&#8221; alignment=&#8221;center&#8221; style=&#8221;vc_box_shadow&#8221; onclick=&#8221;custom_link&#8221; img_link_target=&#8221;_blank&#8221; link=&#8221;#&#8221; css=&#8221;.vc_custom_1607193215463{padding-top: 20px !important;padding-right: 20px !important;padding-bottom: 20px !important;padding-left: 20px !important;}&#8221;][\/vc_column][vc_column width=&#8221;1\/4&#8243;][vc_single_image image=&#8221;3780&#8243; img_size=&#8221;&#8221; alignment=&#8221;center&#8221; style=&#8221;vc_box_shadow&#8221; onclick=&#8221;custom_link&#8221; img_link_target=&#8221;_blank&#8221; link=&#8221;#&#8221; css=&#8221;.vc_custom_1607193170043{padding-top: 20px !important;padding-right: 20px !important;padding-bottom: 20px !important;padding-left: 20px !important;}&#8221;][vc_single_image image=&#8221;3776&#8243; img_size=&#8221;&#8221; alignment=&#8221;center&#8221; style=&#8221;vc_box_shadow&#8221; onclick=&#8221;custom_link&#8221; img_link_target=&#8221;_blank&#8221; link=&#8221;#&#8221; css=&#8221;.vc_custom_1607193227911{padding-top: 20px !important;padding-right: 20px !important;padding-bottom: 20px !important;padding-left: 20px !important;}&#8221;][\/vc_column][vc_column width=&#8221;1\/4&#8243;][vc_single_image image=&#8221;3777&#8243; img_size=&#8221;&#8221; alignment=&#8221;center&#8221; style=&#8221;vc_box_shadow&#8221; onclick=&#8221;custom_link&#8221; img_link_target=&#8221;_blank&#8221; link=&#8221;#&#8221; css=&#8221;.vc_custom_1607193184968{padding-top: 20px !important;padding-right: 20px !important;padding-bottom: 20px !important;padding-left: 20px !important;}&#8221;][vc_single_image image=&#8221;3779&#8243; img_size=&#8221;&#8221; alignment=&#8221;center&#8221; style=&#8221;vc_box_shadow&#8221; onclick=&#8221;custom_link&#8221; img_link_target=&#8221;_blank&#8221; link=&#8221;#&#8221; css=&#8221;.vc_custom_1607193243127{padding-top: 20px !important;padding-right: 20px !important;padding-bottom: 20px !important;padding-left: 20px !important;}&#8221;][\/vc_column][\/vc_row][vc_row][vc_column][vc_cta h2=&#8221;AVER&#8221;]<\/p>\n<div class=\"light-wrapper\">\n<div id=\"productDesc\" class=\"container\">\n<div class=\"row\">\n<div class=\"col-xs-12 col-sm-12 col-md-12 col-lg-12\">\n<ul>\n<li>Ver&#8217;in USB Konferans sistemlerinin kullan\u0131m\u0131 basittir ve <a href=\"https:\/\/support.zoom.us\/hc\/en-us\/articles\/360033608731-Certified-Zoom-Rooms-Devices\" target=\"_blank\" rel=\"noopener noreferrer\">Zoom<\/a>\u00a0,\u00a0<a href=\"https:\/\/www.microsoft.com\/en-us\/microsoft-365\/microsoft-teams\/across-devices\/devices\/category?devicetype=3&amp;page=1&amp;filterIds=\" target=\"_blank\" rel=\"noopener noreferrer\">Microsoft\u00a0<sup>\u00ae<\/sup>\u00a0Teams<\/a>\u00a0,\u00a0<a href=\"https:\/\/www.microsoft.com\/en-us\/microsoft-365\/microsoft-teams\/across-devices\/devices\/category?devicetype=3&amp;page=1&amp;filterIds=\" target=\"_blank\" rel=\"noopener noreferrer\">Skype for Business<\/a>\u00a0,\u00a0<a href=\"https:\/\/www.microsoft.com\/en-us\/microsoft-365\/microsoft-teams\/across-devices\/devices\/category?devicetype=3&amp;page=1&amp;filterIds=\" target=\"_blank\" rel=\"noopener noreferrer\">Skype &#x2122;<\/a>\u00a0,\u00a0<a href=\"https:\/\/support.google.com\/meethardware\/answer\/4618201?hl=en\" target=\"_blank\" rel=\"noopener noreferrer\">Google Meet<\/a>\u00a0,\u00a0<a href=\"https:\/\/uniteappshowcase.intel.com\/plugins\/aver\/\" target=\"_blank\" rel=\"noopener noreferrer\">Intel\u00a0<sup>\u00ae<\/sup>\u00a0Unite &#x2122;<\/a>\u00a0,\u00a0<a href=\"https:\/\/support.ringcentral.com\/s\/article\/4653?language=en_US\" target=\"_blank\" rel=\"noopener noreferrer\">RingCentral<\/a>\u00a0,\u00a0<a href=\"https:\/\/www.bluejeans.com\/partners\/technology\/rooms\" target=\"_blank\" rel=\"noopener noreferrer\">BlueJeans<\/a>\u00a0,\u00a0<a href=\"https:\/\/jp.vcube.com\/support\/recommend\/meeting5.html\" target=\"_blank\" rel=\"noopener noreferrer\">V-<\/a> gibi \u00e7o\u011fu bulut tabanl\u0131 ve web tabanl\u0131 konferans uygulamalar\u0131yla uyumludur. <a href=\"https:\/\/jp.vcube.com\/support\/recommend\/meeting5.html\" target=\"_blank\" rel=\"noopener noreferrer\">Cube<\/a>\u00a0,\u00a0<a href=\"https:\/\/prtimes.jp\/main\/html\/rd\/p\/000000008.000018331.html\" target=\"_blank\" rel=\"noopener noreferrer\">LiveOn<\/a>\u00a0,\u00a0<a href=\"https:\/\/www.lifesize.com\/en\/video-conferencing-solutions\/lifesize-dash\" target=\"_blank\" rel=\"noopener noreferrer\">Lifesize<\/a>\u00a0,\u00a0<a href=\"https:\/\/ziiproom.com\/partners\/\" target=\"_blank\" rel=\"noopener noreferrer\">ZiipRoom<\/a>\u00a0,\u00a0<a href=\"https:\/\/download.cyberlink.com\/ftpdload\/event\/u\/meeting_comparison_CHT.pdf\" target=\"_blank\" rel=\"noopener noreferrer\">Cyberlink U Meeting\u00a0<sup>\u00ae<\/sup><\/a>\u00a0, TrueConf, Adobe Connect, Cisco WebEx\u00a0<sup>\u00ae<\/sup>\u00a0, Fuze, GoToMeeting &#x2122;, Microsoft\u00a0<sup>\u00ae<\/sup>Lync &#x2122;, Vidyo, vMix, WebRTC, Wirecast ve XSplit. gibi<br \/>\nentegre yaz\u0131l\u0131m ve toplant\u0131 oda \u00e7\u00f6z\u00fcmlerinin hepsi ile Sorunsuz bir \u015fekilde e\u015fle\u015fir ve d\u00fcnya standartlar\u0131nda video kalitesi sunar, AVer \u00f6nde gelen video konferans yaz\u0131l\u0131m\u0131 sa\u011flay\u0131c\u0131lar\u0131 taraf\u0131ndan onaylanm\u0131\u015ft\u0131r <a href=\"https:\/\/www.microsoft.com\/en-us\/microsoft-365\/microsoft-teams\/across-devices\/devices\/category?devicetype=3&amp;page=1&amp;filterIds=\" target=\"_blank\" rel=\"noopener noreferrer\">Microsoft\u00a0<sup>\u00ae<\/sup>\u00a0Tak\u0131mlar\u0131<\/a>\u00a0,\u00a0<a href=\"https:\/\/www.microsoft.com\/en-us\/microsoft-365\/microsoft-teams\/across-devices\/devices\/category?devicetype=3&amp;page=1&amp;filterIds=\" target=\"_blank\" rel=\"noopener noreferrer\">i\u015f i\u00e7in Skype<\/a>\u00a0,\u00a0<a href=\"https:\/\/support.zoom.us\/hc\/en-us\/articles\/360033608731-Certified-Zoom-Rooms-Devices\" target=\"_blank\" rel=\"noopener noreferrer\">Yak\u0131nla\u015ft\u0131rma<\/a>\u00a0,\u00a0<a href=\"https:\/\/www.bluejeans.com\/partners\/technology\/rooms\" target=\"_blank\" rel=\"noopener noreferrer\">BlueJeans<\/a>\u00a0,\u00a0<a href=\"https:\/\/uniteappshowcase.intel.com\/plugins\/aver\/\" target=\"_blank\" rel=\"noopener noreferrer\">Intel\u00a0<sup>\u00ae<\/sup>\u00a0Unite &#x2122;<\/a>\u00a0,\u00a0<a href=\"https:\/\/support.google.com\/meethardware\/answer\/4618201?hl=en\" target=\"_blank\" rel=\"noopener noreferrer\">Google Meet<\/a>\u00a0,\u00a0<a href=\"https:\/\/prtimes.jp\/main\/html\/rd\/p\/000000008.000018331.html\" target=\"_blank\" rel=\"noopener noreferrer\">LiveOn<\/a>\u00a0,\u00a0<a href=\"https:\/\/www.lifesize.com\/en\/video-conferencing-solutions\/lifesize-dash\" target=\"_blank\" rel=\"noopener noreferrer\">Lifesize<\/a>\u00a0,\u00a0<a href=\"https:\/\/support.ringcentral.com\/s\/article\/4653?language=en_US\" target=\"_blank\" rel=\"noopener noreferrer\">RingCentral<\/a>\u00a0,\u00a0<a href=\"https:\/\/ziiproom.com\/partners\/\" target=\"_blank\" rel=\"noopener noreferrer\">ZiipRoom<\/a>\u00a0,\u00a0<a href=\"https:\/\/jp.vcube.com\/support\/recommend\/meeting5.html\" target=\"_blank\" rel=\"noopener noreferrer\">V-Cube<\/a>\u00a0,\u00a0<a href=\"https:\/\/trueconf.com\/blog\/press-release\/trueconf-aver-announce-interoperability-partnership.html\" target=\"_blank\" rel=\"noopener noreferrer\">TrueConf<\/a>\u00a0ve\u00a0<a href=\"https:\/\/download.cyberlink.com\/ftpdload\/event\/u\/meeting_comparison_CHT.pdf\" target=\"_blank\" rel=\"noopener noreferrer\">Cyberlink U Meeting\u00a0<sup>\u00ae<\/sup><\/a>.<\/p>\n<div class=\"owl-stage-outer\">\n<div class=\"owl-stage\">\n<div class=\"owl-item cloned\"><\/div>\n<div class=\"owl-item cloned\"><\/div>\n<div class=\"owl-item\"><\/div>\n<div class=\"owl-item\"><\/div>\n<div class=\"owl-item\"><\/div>\n<div class=\"owl-item\"><\/div>\n<div class=\"owl-item\"><\/div>\n<div class=\"owl-item active\"><\/div>\n<div class=\"owl-item active\"><a href=\"https:\/\/trueconf.com\/blog\/press-release\/trueconf-aver-announce-interoperability-partnership.html\" target=\"_blank\" rel=\"noopener noreferrer\"><img src=\"https:\/\/communication.aver.com\/Images\/shared\/partner-logo\/trueconf.png\" alt=\"trueconf\" \/><\/a><\/div>\n<div class=\"owl-item cloned active\"><a href=\"https:\/\/www.microsoft.com\/en-us\/microsoft-365\/microsoft-teams\/across-devices\/devices\/category?devicetype=3&amp;page=1&amp;filterIds=\" target=\"_blank\" rel=\"noopener noreferrer\"><img src=\"https:\/\/communication.aver.com\/Images\/shared\/partner-logo\/microsoft-teams.png\" alt=\"microsoft ekipleri\" \/><\/a><\/div>\n<div class=\"owl-item cloned active\"><a><img src=\"https:\/\/communication.aver.com\/Images\/shared\/partner-logo\/microsoft-skype-for-business.png\" alt=\"i\u015fletmeler i\u00e7in microsoft skype\" \/><\/a><\/div>\n<div class=\"owl-item cloned\"><a href=\"https:\/\/support.zoom.us\/hc\/en-us\/articles\/360033608731-Certified-Zoom-Rooms-Devices\" target=\"_blank\" rel=\"noopener noreferrer\"><img src=\"https:\/\/communication.aver.com\/Images\/shared\/partner-logo\/zoom.png\" alt=\"yak\u0131nla\u015ft\u0131r\" \/><\/a><\/div>\n<div class=\"owl-item cloned\"><a href=\"https:\/\/www.bluejeans.com\/partners\/technology\/rooms\" target=\"_blank\" rel=\"noopener noreferrer\"><img src=\"https:\/\/communication.aver.com\/Images\/shared\/partner-logo\/bluejeans.png\" alt=\"Mavi kot\" \/><\/a><\/div>\n<div class=\"owl-item cloned\"><a href=\"https:\/\/uniteappshowcase.intel.com\/plugins\/aver\/\" target=\"_blank\" rel=\"noopener noreferrer\"><img src=\"https:\/\/communication.aver.com\/Images\/shared\/partner-logo\/intel-unite.png\" alt=\"intel-unite\" \/><\/a><\/div>\n<div class=\"owl-item cloned\"><a href=\"https:\/\/support.google.com\/meethardware\/answer\/4618201#qualified\" target=\"_blank\" rel=\"noopener noreferrer\"><img src=\"https:\/\/communication.aver.com\/Images\/shared\/partner-logo\/google-hangouts.png\" alt=\"google hangouts\" \/><\/a><\/div>\n<div class=\"owl-item cloned\"><a href=\"https:\/\/prtimes.jp\/main\/html\/rd\/p\/000000008.000018331.html\" target=\"_blank\" rel=\"noopener noreferrer\"><img src=\"https:\/\/communication.aver.com\/Images\/shared\/partner-logo\/liveon.png\" alt=\"\" \/><\/a><\/div>\n<div class=\"owl-item cloned\"><a href=\"https:\/\/ziiproom.com\/partners\/\" target=\"_blank\" rel=\"noopener noreferrer\"><img src=\"https:\/\/communication.aver.com\/Images\/shared\/partner-logo\/ziiproom.png\" alt=\"ziiproom\" \/><\/a><\/div>\n<div class=\"owl-item cloned\"><a><img src=\"https:\/\/communication.aver.com\/Images\/shared\/partner-logo\/cyberlink-umeeting.png\" alt=\"cyberlink umeeting\" \/><\/a><\/div>\n<\/div>\n<\/div>\n<\/li>\n<\/ul>\n<\/div>\n<\/div>\n<\/div>\n<div id=\"testimony\" class=\"container\"><\/div>\n<\/div>\n<div class=\"light-wrapper\">\n<div id=\"productList\" class=\"container-fluid\">\n<div id=\"filter\">\n<div class=\"row\"><\/div>\n<\/div>\n<\/div>\n<\/div>\n<p>[\/vc_cta][\/vc_column][\/vc_row]<\/p>\n","protected":false},"excerpt":{"rendered":"<p>[vc_row css=&#8221;.vc_custom_1515068870126{padding-top: 100px !important;padding-bottom: 65px !important;}&#8221; el_class=&#8221;partners&#8221;][vc_column width=&#8221;1\/4&#8243;][vc_single_image image=&#8221;3784&#8243; img_size=&#8221;&#8221; alignment=&#8221;center&#8221; style=&#8221;vc_box_shadow&#8221; onclick=&#8221;custom_link&#8221; img_link_target=&#8221;_blank&#8221; link=&#8221;#&#8221; css=&#8221;.vc_custom_1607193132172{padding-top: 20px !important;padding-right: 20px !important;padding-bottom:&#8230;<\/p>\n","protected":false},"author":1,"featured_media":0,"parent":0,"menu_order":0,"comment_status":"closed","ping_status":"closed","template":"","meta":[],"_links":{"self":[{"href":"https:\/\/averkonferans.com\/index.php?rest_route=\/wp\/v2\/pages\/3409"}],"collection":[{"href":"https:\/\/averkonferans.com\/index.php?rest_route=\/wp\/v2\/pages"}],"about":[{"href":"https:\/\/averkonferans.com\/index.php?rest_route=\/wp\/v2\/types\/page"}],"author":[{"embeddable":true,"href":"https:\/\/averkonferans.com\/index.php?rest_route=\/wp\/v2\/users\/1"}],"replies":[{"embeddable":true,"href":"https:\/\/averkonferans.com\/index.php?rest_route=%2Fwp%2Fv2%2Fcomments&post=3409"}],"version-history":[{"count":8,"href":"https:\/\/averkonferans.com\/index.php?rest_route=\/wp\/v2\/pages\/3409\/revisions"}],"predecessor-version":[{"id":3864,"href":"https:\/\/averkonferans.com\/index.php?rest_route=\/wp\/v2\/pages\/3409\/revisions\/3864"}],"wp:attachment":[{"href":"https:\/\/averkonferans.com\/index.php?rest_route=%2Fwp%2Fv2%2Fmedia&parent=3409"}],"curies":[{"name":"wp","href":"https:\/\/api.w.org\/{rel}","templated":true}]}}