{"id":1941,"date":"2017-11-03T05:49:11","date_gmt":"2017-11-03T05:49:11","guid":{"rendered":"http:\/\/192.168.0.100\/grassy\/?page_id=1941"},"modified":"2020-12-06T13:57:55","modified_gmt":"2020-12-06T10:57:55","slug":"about-us-one","status":"publish","type":"page","link":"https:\/\/averkonferans.com\/?page_id=1941","title":{"rendered":"HAKKIMIZDA"},"content":{"rendered":"<p>[vc_row css=&#8221;.vc_custom_1515752693053{padding-top: 100px !important;padding-bottom: 65px !important;}&#8221; el_id=&#8221;rs-about&#8221; el_class=&#8221;rs-about&#8221;][vc_column width=&#8221;7\/12&#8243; css=&#8221;.vc_custom_1505208036130{padding-right: 65px !important;}&#8221;]\r\n        <div class=\"sec-title  \">         \r\n            <h4 style=\"color:\">HAKKIMIZDA<\/h4>             \r\n            <h3 style=\"color:\"><\/h3>        \r\n        <\/div>[vc_column_text css=&#8221;.vc_custom_1607192722864{padding-top: 35px !important;}&#8221;]<\/p>\n<h3>B\u0130Z NELER YAPIYORUZ.?<\/h3>\n<p class=\"mt-20 mt-md-30\">Desibel \u0130leti\u015fim 2004 y\u0131l\u0131ndan itibaren Profesyonel Ses ve G\u00f6r\u00fcnt\u00fc Sekt\u00f6r\u00fcnde, kuruldu\u011fumuz g\u00fcnden itibaren t\u00fcm m\u00fc\u015fterilerimiz i\u00e7in \u00f6nc\u00fc ve yenilik\u00e7i \u00e7\u00f6z\u00fcmler \u00fcretiyoruz.<\/p>\n<p>Desibel ileti\u015fim d\u00fcnya teknolojilerini yak\u0131ndan takip ederek \u00fclkemizde Ses ,G\u00f6r\u00fcnt\u00fc ,Perakende ve Proje sat\u0131\u015f\u0131 \u00fczerine \u00e7al\u0131\u015f\u0131yoruz.<\/p>\n<p>D\u00fcnya markalar\u0131n\u0131 sat\u0131\u015f, pazarlama,M\u00fchendislik ,teknik servis ve entegrasyon birimlerimiz ile m\u00fc\u015fterilerimizin t\u00fcm ihtiya\u00e7lar\u0131n\u0131 eksiksiz kar\u015f\u0131l\u0131yoruz.<\/p>\n<p>Desibel ileti\u015fim Merkezi Ankara&#8217;da bulunan Proje M\u00fchendislik Grubumuz ; Mimarlar, \u0130n\u015faat Firmalar\u0131, Proje Taahh\u00fct Firmalar\u0131, Elektrik Proje ve Taahh\u00fct Firmalar\u0131, Kamu kurumlar\u0131 ,\u00dcniversiteler ,E\u011fitim kurumlar\u0131 ,Savunma sanayi gibi farkl\u0131 kurulu\u015flar ile koordineli , s\u00fcrd\u00fcr\u00fclebilir ve geli\u015fime a\u00e7\u0131k Projeleri \u00fcretiyor.<\/p>\n<p>Uzman Entegrasyon ekibimiz \u00e7al\u0131\u015ft\u0131\u011f\u0131m\u0131z t\u00fcm projelerde \u00e7\u00f6z\u00fcm ortaklar\u0131m\u0131z ile koordinasyon sa\u011flayarak verimli ve eksiksiz Entegrasyonlar ger\u00e7ekle\u015ftiriyor.<\/p>\n<p>Desibel ileti\u015fim ayn\u0131 zamanda Savunma sanayi firmalar\u0131 ile i\u015f birli\u011fi yaparak \u00fclkemize daha iyi hizmet verebilmenin sorumlulu\u011fu ile \u00e7al\u0131\u015f\u0131yor.<\/p>\n<ul class=\"marked-list mt-20 mt-md-30\">\n<li>G\u00d6R\u00dcNT\u00dc S\u0130STEMLER\u0130<\/li>\n<li>SES S\u0130STEMLER\u0130<\/li>\n<li>V\u0130DEO KONFERANS S\u0130STEMLER\u0130<\/li>\n<\/ul>\n<p>[\/vc_column_text][\/vc_column][vc_column width=&#8221;5\/12&#8243;][vc_single_image image=&#8221;3615&#8243; img_size=&#8221;full&#8221;][\/vc_column][\/vc_row][vc_row full_width=&#8221;stretch_row&#8221; css=&#8221;.vc_custom_1515752896718{padding-top: 35px !important;padding-bottom: 60px !important;}&#8221;][vc_column][vc_images_carousel images=&#8221;3713,3709,3711&#8243; img_size=&#8221;full&#8221; autoplay=&#8221;yes&#8221;][\/vc_column][\/vc_row][vc_row][vc_column][vc_zigzag][\/vc_column][\/vc_row]<\/p>\n","protected":false},"excerpt":{"rendered":"<p>[vc_row css=&#8221;.vc_custom_1515752693053{padding-top: 100px !important;padding-bottom: 65px !important;}&#8221; el_id=&#8221;rs-about&#8221; el_class=&#8221;rs-about&#8221;][vc_column width=&#8221;7\/12&#8243; css=&#8221;.vc_custom_1505208036130{padding-right: 65px !important;}&#8221;][vc_column_text css=&#8221;.vc_custom_1607192722864{padding-top: 35px !important;}&#8221;] B\u0130Z NELER YAPIYORUZ.? Desibel \u0130leti\u015fim&#8230;<\/p>\n","protected":false},"author":1,"featured_media":0,"parent":0,"menu_order":0,"comment_status":"closed","ping_status":"closed","template":"","meta":[],"_links":{"self":[{"href":"https:\/\/averkonferans.com\/index.php?rest_route=\/wp\/v2\/pages\/1941"}],"collection":[{"href":"https:\/\/averkonferans.com\/index.php?rest_route=\/wp\/v2\/pages"}],"about":[{"href":"https:\/\/averkonferans.com\/index.php?rest_route=\/wp\/v2\/types\/page"}],"author":[{"embeddable":true,"href":"https:\/\/averkonferans.com\/index.php?rest_route=\/wp\/v2\/users\/1"}],"replies":[{"embeddable":true,"href":"https:\/\/averkonferans.com\/index.php?rest_route=%2Fwp%2Fv2%2Fcomments&post=1941"}],"version-history":[{"count":7,"href":"https:\/\/averkonferans.com\/index.php?rest_route=\/wp\/v2\/pages\/1941\/revisions"}],"predecessor-version":[{"id":3860,"href":"https:\/\/averkonferans.com\/index.php?rest_route=\/wp\/v2\/pages\/1941\/revisions\/3860"}],"wp:attachment":[{"href":"https:\/\/averkonferans.com\/index.php?rest_route=%2Fwp%2Fv2%2Fmedia&parent=1941"}],"curies":[{"name":"wp","href":"https:\/\/api.w.org\/{rel}","templated":true}]}}