{"id":1892,"date":"2017-11-02T06:30:19","date_gmt":"2017-11-02T06:30:19","guid":{"rendered":"http:\/\/192.168.0.106\/grassy\/?page_id=1892"},"modified":"2020-12-06T21:01:31","modified_gmt":"2020-12-06T18:01:31","slug":"contact-us-1","status":"publish","type":"page","link":"https:\/\/averkonferans.com\/?page_id=1892","title":{"rendered":"\u0130LET\u0130\u015e\u0130M"},"content":{"rendered":"<p>[vc_row full_width=&#8221;stretch_row&#8221; el_id=&#8221;rs-contact&#8221; css=&#8221;.vc_custom_1515755130156{padding-top: 55px !important;padding-bottom: 100px !important;background-color: #f9f9f9 !important;}&#8221;][vc_column]\r\n        <div class=\"sec-title  vc_custom_1607190523983 \">         \r\n            <h4 style=\"color:\">\u0130LET\u0130\u015e\u0130M<\/h4>             \r\n            <h3 style=\"color:\">\u0130LET\u0130\u015e\u0130M DETAYLARI<\/h3>        \r\n        <\/div>[vc_row_inner css=&#8221;.vc_custom_1510838805328{padding-bottom: 20px !important;}&#8221;][vc_column_inner width=&#8221;1\/4&#8243;]\r\n\t\t<div class=\"rs-contact\">\r\n       <div class=\"contact-address  \"><div class=\"address-item\">\r\n\t\t\t\t<div class=\"address-icon\">\r\n\t\t\t\t\t<i class=\"fa fa-phone\"><\/i>\r\n\t\t\t\t<\/div>\r\n\t\t\t\t<div class=\"address-text\">\r\n\t\t\t\t\t+90 312 496 33 28 <br>\r\n\t\t\t\t\t+90 312 496 33 29\r\n\t\t\t\t<\/div>\r\n\t\t\t<\/div><div class=\"address-item\">\r\n\t\t\t\t<div class=\"address-icon\">\r\n\t\t\t\t\t<i class=\"fa fa-envelope-o\"><\/i>\r\n\t\t\t\t<\/div>\r\n\t\t\t\t<div class=\"address-text\">\r\n\t\t\t\t\tinfo@averkonferans.com <br>\r\n\t\t\t\t\twww.averkonferans.com\r\n\t\t\t\t<\/div>\r\n\t\t\t<\/div><div class=\"address-item\">\r\n\t\t\t\t<div class=\"address-icon\">\r\n\t\t\t\t\t<i class=\"fa fa-map-marker\"><\/i>\r\n\t\t\t\t<\/div>\r\n\t\t\t\t<div class=\"address-text\">\r\n\t\t\t\t\tB\u0130RL\u0130K MAH. 457. SK. 3\/A\u00a0 06610 \u00c7ANKAYA &#8211; ANKARA\r\n\t\t\t\t<\/div>\r\n\t\t\t<\/div>\r\n\t\t<\/div>\r\n\t\t<\/div>[\/vc_column_inner][vc_column_inner width=&#8221;3\/4&#8243;][vc_gmaps link=&#8221;#E-8_JTNDaWZyYW1lJTIwc3JjJTNEJTIyaHR0cHMlM0ElMkYlMkZ3d3cuZ29vZ2xlLmNvbSUyRm1hcHMlMkZlbWJlZCUzRnBiJTNEJTIxMW0xOCUyMTFtMTIlMjExbTMlMjExZDMwNjEuODcwNzQ1MTE0NTM3JTIxMmQzMi44NzM2MDExMTUwNDMxNCUyMTNkMzkuODc3MTMzMDc5NDMxNDUlMjEybTMlMjExZjAlMjEyZjAlMjEzZjAlMjEzbTIlMjExaTEwMjQlMjEyaTc2OCUyMTRmMTMuMSUyMTNtMyUyMTFtMiUyMTFzMHgxNGQzNDU2MDBjNDg3NDc5JTI1M0EweDk4MzU3OGY5YjFlZWY2ZjQlMjEyc0Rlc2liZWwlMjUyMCUyNUM0JTI1QjBsZXRpJTI1QzUlMjU5RmltJTI1MjBPcmdhbml6YXN5b24lMjUyMEVsZWt0cm9uaWslMjUyMEJpbGdpc2F5YXIlMjUyMFRpY2FyZXQlMjUyMExpbWl0ZWQlMjE1ZTAlMjEzbTIlMjExc3RyJTIxMnN0ciUyMTR2MTYwNzE5MDc1Njg5MCUyMTVtMiUyMTFzdHIlMjEyc3RyJTIyJTIwd2lkdGglM0QlMjI2MDAlMjIlMjBoZWlnaHQlM0QlMjI0NTAlMjIlMjBmcmFtZWJvcmRlciUzRCUyMjAlMjIlMjBzdHlsZSUzRCUyMmJvcmRlciUzQTAlM0IlMjIlMjBhbGxvd2Z1bGxzY3JlZW4lM0QlMjIlMjIlMjBhcmlhLWhpZGRlbiUzRCUyMmZhbHNlJTIyJTIwdGFiaW5kZXglM0QlMjIwJTIyJTNFJTNDJTJGaWZyYW1lJTNF&#8221; size=&#8221;360px&#8221; el_class=&#8221;rs-map&#8221; title=&#8221;Desibel \u0130leti\u015fim Org. Elektronik Bilg. Tan\u0131t\u0131m Tic. Ltd. \u015eti.&#8221;][\/vc_column_inner][\/vc_row_inner]<div role=\"form\" class=\"wpcf7\" id=\"wpcf7-f5-o1\" lang=\"tr-TR\" dir=\"ltr\">\n<div class=\"screen-reader-response\"><p role=\"status\" aria-live=\"polite\" aria-atomic=\"true\"><\/p> <ul><\/ul><\/div>\n<form action=\"\/index.php?rest_route=%2Fwp%2Fv2%2Fpages%2F1892#wpcf7-f5-o1\" method=\"post\" class=\"wpcf7-form init\" novalidate=\"novalidate\" data-status=\"init\">\n<div style=\"display: none;\">\n<input type=\"hidden\" name=\"_wpcf7\" value=\"5\" \/>\n<input type=\"hidden\" name=\"_wpcf7_version\" value=\"5.4.2\" \/>\n<input type=\"hidden\" name=\"_wpcf7_locale\" value=\"tr_TR\" \/>\n<input type=\"hidden\" name=\"_wpcf7_unit_tag\" value=\"wpcf7-f5-o1\" \/>\n<input type=\"hidden\" name=\"_wpcf7_container_post\" value=\"0\" \/>\n<input type=\"hidden\" name=\"_wpcf7_posted_data_hash\" value=\"\" \/>\n<\/div>\n<p><label> Ad\u0131n\u0131z (gerekli)<br \/>\n    <span class=\"wpcf7-form-control-wrap your-name\"><input type=\"text\" name=\"your-name\" value=\"\" size=\"40\" class=\"wpcf7-form-control wpcf7-text wpcf7-validates-as-required\" aria-required=\"true\" aria-invalid=\"false\" \/><\/span> <\/label><\/p>\n<p><label> E-posta adresiniz (gerekli)<br \/>\n    <span class=\"wpcf7-form-control-wrap your-email\"><input type=\"email\" name=\"your-email\" value=\"\" size=\"40\" class=\"wpcf7-form-control wpcf7-text wpcf7-email wpcf7-validates-as-required wpcf7-validates-as-email\" aria-required=\"true\" aria-invalid=\"false\" \/><\/span> <\/label><\/p>\n<p><label> Konu<br \/>\n    <span class=\"wpcf7-form-control-wrap your-subject\"><input type=\"text\" name=\"your-subject\" value=\"\" size=\"40\" class=\"wpcf7-form-control wpcf7-text\" aria-invalid=\"false\" \/><\/span> <\/label><\/p>\n<p><label> \u0130letiniz<br \/>\n    <span class=\"wpcf7-form-control-wrap your-message\"><textarea name=\"your-message\" cols=\"40\" rows=\"10\" class=\"wpcf7-form-control wpcf7-textarea\" aria-invalid=\"false\"><\/textarea><\/span> <\/label><\/p>\n<p><input type=\"submit\" value=\"G\u00f6nder\" class=\"wpcf7-form-control wpcf7-submit\" \/><\/p>\n<div class=\"wpcf7-response-output\" aria-hidden=\"true\"><\/div><\/form><\/div>[\/vc_column][\/vc_row][vc_row full_width=&#8221;stretch_row&#8221; css=&#8221;.vc_custom_1515755184733{padding-top: 35px !important;padding-bottom: 65px !important;}&#8221;][vc_column]<div class=\"rs-partner  \">           \r\n\t\t\t\t\t<div class=\"partner-carousel owl-carousel\" data-carousel-options=\"{&quot;nav&quot;:true,&quot;navText&quot;:[&quot;&lt;i class=&#039;fa fa-angle-left&#039;&gt;&lt;\\\/i&gt;&quot;,&quot;&lt;i class=&#039;fa fa-angle-right&#039;&gt;&lt;\\\/i&gt;&quot;],&quot;dots&quot;:false,&quot;autoplay&quot;:true,&quot;autoplayTimeout&quot;:&quot;5000&quot;,&quot;autoplaySpeed&quot;:&quot;200&quot;,&quot;autoplayHoverPause&quot;:true,&quot;loop&quot;:true,&quot;margin&quot;:30,&quot;responsive&quot;:{&quot;0&quot;:{&quot;items&quot;:&quot;1&quot;},&quot;480&quot;:{&quot;items&quot;:&quot;2&quot;},&quot;768&quot;:{&quot;items&quot;:&quot;3&quot;},&quot;992&quot;:{&quot;items&quot;:&quot;6&quot;},&quot;1200&quot;:{&quot;items&quot;:&quot;6&quot;}}}\"><div class=\"partner-item\">\r\n\t\t\t\t<a href=\"#\" target=\"_blank\"><img src=\"https:\/\/averkonferans.com\/wp-content\/uploads\/2020\/12\/bluejeans.png\" alt=\"Client 6\"><\/a>\r\n\t\t\t\t<\/div><div class=\"partner-item\">\r\n\t\t\t\t<a href=\"#\" target=\"_blank\"><img src=\"https:\/\/averkonferans.com\/wp-content\/uploads\/2020\/12\/intel-unite.png\" alt=\"Client 5\"><\/a>\r\n\t\t\t\t<\/div><div class=\"partner-item\">\r\n\t\t\t\t<a href=\"#\" target=\"_blank\"><img src=\"https:\/\/averkonferans.com\/wp-content\/uploads\/2020\/12\/google-hangouts.png\" alt=\"Client 4\"><\/a>\r\n\t\t\t\t<\/div><div class=\"partner-item\">\r\n\t\t\t\t<a href=\"#\" target=\"_blank\"><img src=\"https:\/\/averkonferans.com\/wp-content\/uploads\/2020\/12\/microsoft-teams-1.png\" alt=\"Client 3\"><\/a>\r\n\t\t\t\t<\/div><div class=\"partner-item\">\r\n\t\t\t\t<a href=\"#\" target=\"_blank\"><img src=\"https:\/\/averkonferans.com\/wp-content\/uploads\/2020\/12\/microsoft-skype-for-business.png\" alt=\"Client 2\"><\/a>\r\n\t\t\t\t<\/div><div class=\"partner-item\">\r\n\t\t\t\t<a href=\"#\" target=\"_blank\"><img src=\"https:\/\/averkonferans.com\/wp-content\/uploads\/2020\/12\/zoom.png\" alt=\"Client 1\"><\/a>\r\n\t\t\t\t<\/div><\/div>\r\n\t<\/div>[\/vc_column][\/vc_row]<\/p>\n","protected":false},"excerpt":{"rendered":"<p>[vc_row full_width=&#8221;stretch_row&#8221; el_id=&#8221;rs-contact&#8221; css=&#8221;.vc_custom_1515755130156{padding-top: 55px !important;padding-bottom: 100px !important;background-color: #f9f9f9 !important;}&#8221;][vc_column][vc_row_inner css=&#8221;.vc_custom_1510838805328{padding-bottom: 20px !important;}&#8221;][vc_column_inner width=&#8221;1\/4&#8243;][\/vc_column_inner][vc_column_inner width=&#8221;3\/4&#8243;][vc_gmaps link=&#8221;#E-8_JTNDaWZyYW1lJTIwc3JjJTNEJTIyaHR0cHMlM0ElMkYlMkZ3d3cuZ29vZ2xlLmNvbSUyRm1hcHMlMkZlbWJlZCUzRnBiJTNEJTIxMW0xOCUyMTFtMTIlMjExbTMlMjExZDMwNjEuODcwNzQ1MTE0NTM3JTIxMmQzMi44NzM2MDExMTUwNDMxNCUyMTNkMzkuODc3MTMzMDc5NDMxNDUlMjEybTMlMjExZjAlMjEyZjAlMjEzZjAlMjEzbTIlMjExaTEwMjQlMjEyaTc2OCUyMTRmMTMuMSUyMTNtMyUyMTFtMiUyMTFzMHgxNGQzNDU2MDBjNDg3NDc5JTI1M0EweDk4MzU3OGY5YjFlZWY2ZjQlMjEyc0Rlc2liZWwlMjUyMCUyNUM0JTI1QjBsZXRpJTI1QzUlMjU5RmltJTI1MjBPcmdhbml6YXN5b24lMjUyMEVsZWt0cm9uaWslMjUyMEJpbGdpc2F5YXIlMjUyMFRpY2FyZXQlMjUyMExpbWl0ZWQlMjE1ZTAlMjEzbTIlMjExc3RyJTIxMnN0ciUyMTR2MTYwNzE5MDc1Njg5MCUyMTVtMiUyMTFzdHIlMjEyc3RyJTIyJTIwd2lkdGglM0QlMjI2MDAlMjIlMjBoZWlnaHQlM0QlMjI0NTAlMjIlMjBmcmFtZWJvcmRlciUzRCUyMjAlMjIlMjBzdHlsZSUzRCUyMmJvcmRlciUzQTAlM0IlMjIlMjBhbGxvd2Z1bGxzY3JlZW4lM0QlMjIlMjIlMjBhcmlhLWhpZGRlbiUzRCUyMmZhbHNlJTIyJTIwdGFiaW5kZXglM0QlMjIwJTIyJTNFJTNDJTJGaWZyYW1lJTNF&#8221; size=&#8221;360px&#8221; el_class=&#8221;rs-map&#8221; title=&#8221;Desibel \u0130leti\u015fim&#8230;<\/p>\n","protected":false},"author":1,"featured_media":0,"parent":0,"menu_order":0,"comment_status":"closed","ping_status":"closed","template":"","meta":[],"_links":{"self":[{"href":"https:\/\/averkonferans.com\/index.php?rest_route=\/wp\/v2\/pages\/1892"}],"collection":[{"href":"https:\/\/averkonferans.com\/index.php?rest_route=\/wp\/v2\/pages"}],"about":[{"href":"https:\/\/averkonferans.com\/index.php?rest_route=\/wp\/v2\/types\/page"}],"author":[{"embeddable":true,"href":"https:\/\/averkonferans.com\/index.php?rest_route=\/wp\/v2\/users\/1"}],"replies":[{"embeddable":true,"href":"https:\/\/averkonferans.com\/index.php?rest_route=%2Fwp%2Fv2%2Fcomments&post=1892"}],"version-history":[{"count":3,"href":"https:\/\/averkonferans.com\/index.php?rest_route=\/wp\/v2\/pages\/1892\/revisions"}],"predecessor-version":[{"id":3888,"href":"https:\/\/averkonferans.com\/index.php?rest_route=\/wp\/v2\/pages\/1892\/revisions\/3888"}],"wp:attachment":[{"href":"https:\/\/averkonferans.com\/index.php?rest_route=%2Fwp%2Fv2%2Fmedia&parent=1892"}],"curies":[{"name":"wp","href":"https:\/\/api.w.org\/{rel}","templated":true}]}}