{"id":1857,"date":"2017-10-11T19:37:15","date_gmt":"2017-10-11T19:37:15","guid":{"rendered":"http:\/\/localhost\/grassy\/?page_id=1857"},"modified":"2020-12-17T17:38:55","modified_gmt":"2020-12-17T14:38:55","slug":"home","status":"publish","type":"page","link":"https:\/\/averkonferans.com\/","title":{"rendered":"\u00d6N SAYFA"},"content":{"rendered":"<p>[vc_row full_width=&#8221;stretch_row_content_no_spaces&#8221; css=&#8221;.vc_custom_1509607147265{margin-top: 0px !important;margin-bottom: 0px !important;padding-top: 0px !important;padding-bottom: 0px !important;}&#8221;][vc_column css=&#8221;.vc_custom_1503251047476{margin-top: 0px !important;margin-bottom: 0px !important;}&#8221;][rev_slider_vc alias=&#8221;home1&#8243;][vc_zigzag][\/vc_column][\/vc_row][vc_row][vc_column][vc_images_carousel images=&#8221;3701,3700,3673&#8243; img_size=&#8221;full&#8221; autoplay=&#8221;yes&#8221;][\/vc_column][\/vc_row][vc_row full_width=&#8221;stretch_row&#8221; el_id=&#8221;rs-service&#8221; el_class=&#8221;rs-services spacing-sticky&#8221; css=&#8221;.vc_custom_1515069282284{padding-top: 55px !important;padding-bottom: 65px !important;background-color: #f9f9f9 !important;}&#8221;][vc_column]\r\n        <div class=\"sec-title  vc_custom_1607198385010 \">         \r\n            <h4 style=\"color:\">\u00dcR\u00dcNLER<\/h4>             \r\n            <h3 style=\"color:\">AVER USB V\u0130DEO KONFERANS S\u0130STEMLER\u0130<\/h3>        \r\n        <\/div>[vc_row_inner][vc_column_inner width=&#8221;1\/4&#8243;]<div class=\"rs-services\"><div class=\"service-inner services-style-2  \">\r\n\t\t<div class=\"services-wrap\"> \r\n         <div class=\"services-item\">\r\n            <div class=\"services-icon\">\r\n                <img src=\"https:\/\/averkonferans.com\/wp-content\/uploads\/2020\/12\/images_2-1.png\" alt=\"grassy-service\" \/>\r\n             <\/div>\r\n        \r\n\t\t<div class=\"services-desc\">\t\t\t\r\n\t\t\t<\/p>\n<h2>Orta ve b\u00fcy\u00fck odalar i\u00e7in profesyonel konferans sistemi<\/h2>\n<p>VC520 Pro, ger\u00e7ek\u00e7i bir g\u00f6rsel-i\u015fitsel deneyim sunan 12X optik yak\u0131nla\u015ft\u0131rma ve papatya zinciri hoparl\u00f6r\u00fc ile donat\u0131lm\u0131\u015ft\u0131r. 1080p HD kalitesi, Sony True WDR ve IP tabanl\u0131 y\u00f6netim \u00f6zellikleriyle VC520 Pro, kurulu\u015funuzun ihtiya\u00e7 duydu\u011fu profesyonel konferans sistemidir. \r\n\t\t<\/div>\t\t\r\n\t\t<\/div>\t\r\n\t<\/div>\r\n\t<h2 class=\"services-title services-title2\"><a href=\"https:\/\/communication.aver.com\/model\/vc520pro\" title=\"\">AVER VC520 PRO<\/a><\/h2>\r\n\t<\/div><\/div>[\/vc_column_inner][vc_column_inner width=&#8221;1\/4&#8243;]<div class=\"rs-services\"><div class=\"service-inner services-style-2  \">\r\n\t\t<div class=\"services-wrap\"> \r\n         <div class=\"services-item\">\r\n            <div class=\"services-icon\">\r\n                <img src=\"https:\/\/averkonferans.com\/wp-content\/uploads\/2020\/12\/VB342.png\" alt=\"grassy-service\" \/>\r\n             <\/div>\r\n        \r\n\t\t<div class=\"services-desc\">\t\t\t\r\n\t\t\t<\/p>\n<h2>Hepsi bir arada USB 4K UHD Toplant\u0131 Odas\u0131 Kameras\u0131<\/h2>\n<p>VB342 PLUS, grup g\u00f6r\u00fcnt\u00fcl\u00fc aramalar\u0131n\u0131 daha kolay ve verimli hale getirerek kurulu\u015flar i\u00e7in ola\u011fan\u00fcst\u00fc ses ve video kalitesi sunar. Ayr\u0131ca konferans deneyiminizi y\u00fckseltmek i\u00e7in SmartFrame, SmartSpeaker, True WDR ve FOV 120 \u00b0 gibi son teknoloji \u00f6zelliklerle donat\u0131lm\u0131\u015ft\u0131r. \r\n\t\t<\/div>\t\t\r\n\t\t<\/div>\t\r\n\t<\/div>\r\n\t<h2 class=\"services-title services-title2\"><a href=\"https:\/\/communication.aver.com\/model\/vb342plus\" title=\"\">AVER VB342 PLUS<\/a><\/h2>\r\n\t<\/div><\/div>[\/vc_column_inner][vc_column_inner width=&#8221;1\/4&#8243;]<div class=\"rs-services\"><div class=\"service-inner services-style-2  \">\r\n\t\t<div class=\"services-wrap\"> \r\n         <div class=\"services-item\">\r\n            <div class=\"services-icon\">\r\n                <img src=\"https:\/\/averkonferans.com\/wp-content\/uploads\/2020\/12\/CAM340.png\" alt=\"grassy-service\" \/>\r\n             <\/div>\r\n        \r\n\t\t<div class=\"services-desc\">\t\t\t\r\n\t\t\t<\/p>\n<h2>Kendisi K\u00fc\u00e7\u00fck Ama Toplant\u0131n\u0131za Herkesi S\u0131\u011fd\u0131r\u0131n<\/h2>\n<p>CAM340 PLUS Derin odak ve \u015fa\u015f\u0131rt\u0131c\u0131 120 \u00b0 FOV ile performans kalitesinde geni\u015f a\u00e7\u0131 lens ile toplant\u0131 odan\u0131zda ultra geni\u015f g\u00f6r\u00fc\u015f alan\u0131na sahip video konferans elde edin. Masadaki herkesi ve beyaz tahtan\u0131n tamam\u0131n\u0131 toplant\u0131n\u0131za minimum bozulma ile yerle\u015ftirin. \r\n\t\t<\/div>\t\t\r\n\t\t<\/div>\t\r\n\t<\/div>\r\n\t<h2 class=\"services-title services-title2\"><a href=\"https:\/\/communication.aver.com\/model\/cam340plus\" title=\"\">AVER CAM340 PLUS<\/a><\/h2>\r\n\t<\/div><\/div>[\/vc_column_inner][vc_column_inner width=&#8221;1\/4&#8243;]<div class=\"rs-services\"><div class=\"service-inner services-style-2  \">\r\n\t\t<div class=\"services-wrap\"> \r\n         <div class=\"services-item\">\r\n            <div class=\"services-icon\">\r\n                <img src=\"https:\/\/averkonferans.com\/wp-content\/uploads\/2017\/11\/images_1-4.png\" alt=\"grassy-service\" \/>\r\n             <\/div>\r\n        \r\n\t\t<div class=\"services-desc\">\t\t\t\r\n\t\t\t<\/p>\n<h2>Orta ve B\u00fcy\u00fck Odalar i\u00e7in Bluetooth\u00ae\u00a0 4K Konferans Sistemi<\/h2>\n<p style=\"text-align: left;\">VC540, toplant\u0131lar\u0131n y\u00fcz y\u00fcze etkile\u015fim gibi g\u00f6r\u00fcnmesini sa\u011flamak i\u00e7in tasarlanm\u0131\u015f 16X optik yak\u0131nla\u015ft\u0131rma ,4K kamera ve bluetooth Hoparl\u00f6r\u00fcyle IP tabanl\u0131 y\u00f6netim \u00f6zellikleriyle, kurumsal ihtiya\u00e7lar\u0131n\u0131z\u0131 kar\u015f\u0131layan profesyonel konferans sistemidir.<\/p>\n<p> \r\n\t\t<\/div>\t\t\r\n\t\t<\/div>\t\r\n\t<\/div>\r\n\t<h2 class=\"services-title services-title2\"><a href=\"https:\/\/communication.aver.com\/model\/vc540\" title=\"\">AVER VC540<\/a><\/h2>\r\n\t<\/div><\/div>[\/vc_column_inner][\/vc_row_inner][\/vc_column][\/vc_row][vc_row][vc_column][vc_text_separator title=&#8221;V\u0130DEOLAR&#8221; border_width=&#8221;7&#8243;][\/vc_column][\/vc_row][vc_row full_width=&#8221;stretch_row&#8221; gap=&#8221;2&#8243; el_id=&#8221;rs-cta&#8221; el_class=&#8221;rs-cta&#8221; css=&#8221;.vc_custom_1607202277002{padding-top: 30px !important;padding-bottom: 35px !important;}&#8221;][vc_column width=&#8221;1\/4&#8243;][vc_video link=&#8221;https:\/\/youtu.be\/G4CdUVq6otU&#8221; el_width=&#8221;70&#8243; title=&#8221;VC520 PRO&#8221;][\/vc_column][vc_column width=&#8221;1\/4&#8243;][vc_video link=&#8221;https:\/\/youtu.be\/n08BU190Frg&#8221; el_width=&#8221;70&#8243; align=&#8221;center&#8221; title=&#8221;VB342 PLUS&#8221;][\/vc_column][vc_column width=&#8221;1\/4&#8243;][vc_video link=&#8221;https:\/\/youtu.be\/C7zIYyXkPBY&#8221; el_width=&#8221;70&#8243; align=&#8221;center&#8221; title=&#8221;CAM340+&#8221;][\/vc_column][vc_column width=&#8221;1\/4&#8243;][vc_video link=&#8221;https:\/\/youtu.be\/JrCy6lUDWnc&#8221; el_width=&#8221;70&#8243; align=&#8221;right&#8221; title=&#8221;CAM540&#8243;][\/vc_column][\/vc_row][vc_row el_id=&#8221;rs-portfolio&#8221; el_class=&#8221;rs-portfolio&#8221; css=&#8221;.vc_custom_1515069307127{padding-top: 90px !important;padding-bottom: 65px !important;}&#8221;][vc_column]\r\n        <div class=\"sec-title  vc_custom_1607204493560 \">         \r\n            <h4 style=\"color:\">KONFERANS S\u0130STEMLER\u0130<\/h4>             \r\n            <h3 style=\"color:\"><\/h3>        \r\n        <\/div><div class=\"rs-portfolio  \">\r\n\t\t<div class=\"portfolio-content \"><div class=\"portfolio-filter\">\r\n\t                <button class=\"active\" data-filter=\"*\">ALL PROJECT<\/button><button data-filter=\".filter_coklu-konferans\">\u00c7OK NOKTALI S\u0130STEMLER<\/button><button data-filter=\".filter_tekli-konferans\">TEK NOKTALI S\u0130STEMLER<\/button><button data-filter=\".filter_usb-kamera\">USB KAMERALAR<\/button><button data-filter=\".filter_usb-konferans\">USB KONFERANS S\u0130STEMLER\u0130<\/button> <\/div><div class=\"row\"> <div class=\"grid\">\r\n\t\t\t\t\r\n\t\t\t\t<div class=\"col-md-4  col-xs-6 grid-item mb-30 filter_usb-kamera \">\r\n                            <div class=\"portfolio-item\">\r\n                                <div class=\"portfolio-img\">\r\n                                   <img src=\"https:\/\/averkonferans.com\/wp-content\/uploads\/2020\/12\/CAM340.png\" alt=\"AVER CAM340 PLUS\" \/>\r\n                                <\/div>\r\n                                <div class=\"portfolio-content\">\r\n                                    <div class=\"display-table\">\r\n                                        <div class=\"display-table-cell\">\r\n                                            <a class=\"image-popup p-zoom\" href=\"https:\/\/averkonferans.com\/wp-content\/uploads\/2020\/12\/CAM340.png\">\r\n                                                <span class=\"vc_icon_element-icon fa fa-search\" style=\"color:\"><\/span>\r\n                                            <\/a>\r\n                                            <h3 class=\"p-title\"><a href=\"https:\/\/averkonferans.com\/?portfolios=data-management\">AVER CAM340 PLUS<\/a><\/h3>\t\t\t\t\t\t\t\t\t\t\t\r\n                                            <p class=\"p-desc\"><\/p>\r\n                                        <\/div>\r\n                                    <\/div>\r\n                                <\/div>\r\n                            <\/div>\r\n                        <\/div>\r\n\t\t\t\t\r\n\t\t\t\t<div class=\"col-md-4  col-xs-6 grid-item mb-30 filter_tekli-konferans \">\r\n                            <div class=\"portfolio-item\">\r\n                                <div class=\"portfolio-img\">\r\n                                   <img src=\"https:\/\/averkonferans.com\/wp-content\/uploads\/2017\/11\/AVER-SVC100-1.png\" alt=\"AVER SVC100\" \/>\r\n                                <\/div>\r\n                                <div class=\"portfolio-content\">\r\n                                    <div class=\"display-table\">\r\n                                        <div class=\"display-table-cell\">\r\n                                            <a class=\"image-popup p-zoom\" href=\"https:\/\/averkonferans.com\/wp-content\/uploads\/2017\/11\/AVER-SVC100-1.png\">\r\n                                                <span class=\"vc_icon_element-icon fa fa-search\" style=\"color:\"><\/span>\r\n                                            <\/a>\r\n                                            <h3 class=\"p-title\"><a href=\"https:\/\/averkonferans.com\/?portfolios=library-project\">AVER SVC100<\/a><\/h3>\t\t\t\t\t\t\t\t\t\t\t\r\n                                            <p class=\"p-desc\"><\/p>\r\n                                        <\/div>\r\n                                    <\/div>\r\n                                <\/div>\r\n                            <\/div>\r\n                        <\/div>\r\n\t\t\t\t\r\n\t\t\t\t<div class=\"col-md-4  col-xs-6 grid-item mb-30 filter_coklu-konferans \">\r\n                            <div class=\"portfolio-item\">\r\n                                <div class=\"portfolio-img\">\r\n                                   <img src=\"https:\/\/averkonferans.com\/wp-content\/uploads\/2020\/12\/Aver-SVC100-UrunKapakResmi-1.png\" alt=\"AVER SVC500\" \/>\r\n                                <\/div>\r\n                                <div class=\"portfolio-content\">\r\n                                    <div class=\"display-table\">\r\n                                        <div class=\"display-table-cell\">\r\n                                            <a class=\"image-popup p-zoom\" href=\"https:\/\/averkonferans.com\/wp-content\/uploads\/2020\/12\/Aver-SVC100-UrunKapakResmi-1.png\">\r\n                                                <span class=\"vc_icon_element-icon fa fa-search\" style=\"color:\"><\/span>\r\n                                            <\/a>\r\n                                            <h3 class=\"p-title\"><a href=\"https:\/\/averkonferans.com\/?portfolios=advance-networking\">AVER SVC500<\/a><\/h3>\t\t\t\t\t\t\t\t\t\t\t\r\n                                            <p class=\"p-desc\"><\/p>\r\n                                        <\/div>\r\n                                    <\/div>\r\n                                <\/div>\r\n                            <\/div>\r\n                        <\/div>\r\n\t\t\t\t\r\n\t\t\t\t<div class=\"col-md-4  col-xs-6 grid-item mb-30 filter_usb-konferans \">\r\n                            <div class=\"portfolio-item\">\r\n                                <div class=\"portfolio-img\">\r\n                                   <img src=\"https:\/\/averkonferans.com\/wp-content\/uploads\/2020\/12\/VB342.png\" alt=\"AVER VB342 PLUS\" \/>\r\n                                <\/div>\r\n                                <div class=\"portfolio-content\">\r\n                                    <div class=\"display-table\">\r\n                                        <div class=\"display-table-cell\">\r\n                                            <a class=\"image-popup p-zoom\" href=\"https:\/\/averkonferans.com\/wp-content\/uploads\/2020\/12\/VB342.png\">\r\n                                                <span class=\"vc_icon_element-icon fa fa-search\" style=\"color:\"><\/span>\r\n                                            <\/a>\r\n                                            <h3 class=\"p-title\"><a href=\"https:\/\/averkonferans.com\/?portfolios=graphics-design\">AVER VB342 PLUS<\/a><\/h3>\t\t\t\t\t\t\t\t\t\t\t\r\n                                            <p class=\"p-desc\"><\/p>\r\n                                        <\/div>\r\n                                    <\/div>\r\n                                <\/div>\r\n                            <\/div>\r\n                        <\/div>\r\n\t\t\t\t\r\n\t\t\t\t<div class=\"col-md-4  col-xs-6 grid-item mb-30 filter_coklu-konferans \">\r\n                            <div class=\"portfolio-item\">\r\n                                <div class=\"portfolio-img\">\r\n                                   <img src=\"https:\/\/averkonferans.com\/wp-content\/uploads\/2020\/12\/AVER-EVC950-1.png\" alt=\"AVER EVC950\" \/>\r\n                                <\/div>\r\n                                <div class=\"portfolio-content\">\r\n                                    <div class=\"display-table\">\r\n                                        <div class=\"display-table-cell\">\r\n                                            <a class=\"image-popup p-zoom\" href=\"https:\/\/averkonferans.com\/wp-content\/uploads\/2020\/12\/AVER-EVC950-1.png\">\r\n                                                <span class=\"vc_icon_element-icon fa fa-search\" style=\"color:\"><\/span>\r\n                                            <\/a>\r\n                                            <h3 class=\"p-title\"><a href=\"https:\/\/averkonferans.com\/?portfolios=ecommerce-website\">AVER EVC950<\/a><\/h3>\t\t\t\t\t\t\t\t\t\t\t\r\n                                            <p class=\"p-desc\"><\/p>\r\n                                        <\/div>\r\n                                    <\/div>\r\n                                <\/div>\r\n                            <\/div>\r\n                        <\/div>\r\n\t\t\t\t\r\n\t\t\t\t<div class=\"col-md-4  col-xs-6 grid-item mb-30 filter_tekli-konferans \">\r\n                            <div class=\"portfolio-item\">\r\n                                <div class=\"portfolio-img\">\r\n                                   <img src=\"https:\/\/averkonferans.com\/wp-content\/uploads\/2017\/11\/AVER-EVC150.png\" alt=\"AVER EVC150\" \/>\r\n                                <\/div>\r\n                                <div class=\"portfolio-content\">\r\n                                    <div class=\"display-table\">\r\n                                        <div class=\"display-table-cell\">\r\n                                            <a class=\"image-popup p-zoom\" href=\"https:\/\/averkonferans.com\/wp-content\/uploads\/2017\/11\/AVER-EVC150.png\">\r\n                                                <span class=\"vc_icon_element-icon fa fa-search\" style=\"color:\"><\/span>\r\n                                            <\/a>\r\n                                            <h3 class=\"p-title\"><a href=\"https:\/\/averkonferans.com\/?portfolios=web-development-design\">AVER EVC150<\/a><\/h3>\t\t\t\t\t\t\t\t\t\t\t\r\n                                            <p class=\"p-desc\"><\/p>\r\n                                        <\/div>\r\n                                    <\/div>\r\n                                <\/div>\r\n                            <\/div>\r\n                        <\/div>\r\n\t\t\t\t\r\n\t\t\t\t<div class=\"col-md-4  col-xs-6 grid-item mb-30 filter_usb-kamera \">\r\n                            <div class=\"portfolio-item\">\r\n                                <div class=\"portfolio-img\">\r\n                                   <img src=\"https:\/\/averkonferans.com\/wp-content\/uploads\/2020\/12\/Images_2-1-1.png\" alt=\"AVER CAM520 PRO\" \/>\r\n                                <\/div>\r\n                                <div class=\"portfolio-content\">\r\n                                    <div class=\"display-table\">\r\n                                        <div class=\"display-table-cell\">\r\n                                            <a class=\"image-popup p-zoom\" href=\"https:\/\/averkonferans.com\/wp-content\/uploads\/2020\/12\/Images_2-1-1.png\">\r\n                                                <span class=\"vc_icon_element-icon fa fa-search\" style=\"color:\"><\/span>\r\n                                            <\/a>\r\n                                            <h3 class=\"p-title\"><a href=\"https:\/\/averkonferans.com\/?portfolios=web-design\">AVER CAM520 PRO<\/a><\/h3>\t\t\t\t\t\t\t\t\t\t\t\r\n                                            <p class=\"p-desc\"><\/p>\r\n                                        <\/div>\r\n                                    <\/div>\r\n                                <\/div>\r\n                            <\/div>\r\n                        <\/div>\r\n\t\t\t\t\r\n\t\t\t\t<div class=\"col-md-4  col-xs-6 grid-item mb-30 filter_usb-konferans \">\r\n                            <div class=\"portfolio-item\">\r\n                                <div class=\"portfolio-img\">\r\n                                   <img src=\"https:\/\/averkonferans.com\/wp-content\/uploads\/2020\/12\/images_1-1.png\" alt=\"AVER VC520 PRO\" \/>\r\n                                <\/div>\r\n                                <div class=\"portfolio-content\">\r\n                                    <div class=\"display-table\">\r\n                                        <div class=\"display-table-cell\">\r\n                                            <a class=\"image-popup p-zoom\" href=\"https:\/\/averkonferans.com\/wp-content\/uploads\/2020\/12\/images_1-1.png\">\r\n                                                <span class=\"vc_icon_element-icon fa fa-search\" style=\"color:\"><\/span>\r\n                                            <\/a>\r\n                                            <h3 class=\"p-title\"><a href=\"https:\/\/averkonferans.com\/?portfolios=software-development\">AVER VC520 PRO<\/a><\/h3>\t\t\t\t\t\t\t\t\t\t\t\r\n                                            <p class=\"p-desc\"><\/p>\r\n                                        <\/div>\r\n                                    <\/div>\r\n                                <\/div>\r\n                            <\/div>\r\n                        <\/div>\r\n\t\t\t\t\r\n\t\t\t\t<div class=\"col-md-4  col-xs-6 grid-item mb-30 filter_usb-kamera \">\r\n                            <div class=\"portfolio-item\">\r\n                                <div class=\"portfolio-img\">\r\n                                   <img src=\"https:\/\/averkonferans.com\/wp-content\/uploads\/2017\/11\/AVER-CAM540.png\" alt=\"AVER CAM540\" \/>\r\n                                <\/div>\r\n                                <div class=\"portfolio-content\">\r\n                                    <div class=\"display-table\">\r\n                                        <div class=\"display-table-cell\">\r\n                                            <a class=\"image-popup p-zoom\" href=\"https:\/\/averkonferans.com\/wp-content\/uploads\/2017\/11\/AVER-CAM540.png\">\r\n                                                <span class=\"vc_icon_element-icon fa fa-search\" style=\"color:\"><\/span>\r\n                                            <\/a>\r\n                                            <h3 class=\"p-title\"><a href=\"https:\/\/averkonferans.com\/?portfolios=critical-profile-analysis\">AVER CAM540<\/a><\/h3>\t\t\t\t\t\t\t\t\t\t\t\r\n                                            <p class=\"p-desc\"><\/p>\r\n                                        <\/div>\r\n                                    <\/div>\r\n                                <\/div>\r\n                            <\/div>\r\n                        <\/div><\/div><\/div>\r\n\t\t<\/div>\r\n\t\t<\/div>[\/vc_column][\/vc_row][vc_row][vc_column][vc_images_carousel images=&#8221;3810,3809,3807,3725&#8243; img_size=&#8221;full&#8221; autoplay=&#8221;yes&#8221; wrap=&#8221;yes&#8221;][\/vc_column][\/vc_row][vc_row][vc_column][vc_gmaps link=&#8221;#E-8_JTNDaWZyYW1lJTIwc3JjJTNEJTIyaHR0cHMlM0ElMkYlMkZ3d3cuZ29vZ2xlLmNvbSUyRm1hcHMlMkZlbWJlZCUzRnBiJTNEJTIxMW0xOCUyMTFtMTIlMjExbTMlMjExZDMwNjEuODcwNzQ1MTE0NTM3JTIxMmQzMi44NzM2MDExMTUwNDMxNCUyMTNkMzkuODc3MTMzMDc5NDMxNDUlMjEybTMlMjExZjAlMjEyZjAlMjEzZjAlMjEzbTIlMjExaTEwMjQlMjEyaTc2OCUyMTRmMTMuMSUyMTNtMyUyMTFtMiUyMTFzMHgxNGQzNDU2MDBjNDg3NDc5JTI1M0EweDk4MzU3OGY5YjFlZWY2ZjQlMjEyc0Rlc2liZWwlMjUyMCUyNUM0JTI1QjBsZXRpJTI1QzUlMjU5RmltJTI1MjBPcmdhbml6YXN5b24lMjUyMEVsZWt0cm9uaWslMjUyMEJpbGdpc2F5YXIlMjUyMFRpY2FyZXQlMjUyMExpbWl0ZWQlMjE1ZTAlMjEzbTIlMjExc3RyJTIxMnN0ciUyMTR2MTYwNzE5MDc1Njg5MCUyMTVtMiUyMTFzdHIlMjEyc3RyJTIyJTIwd2lkdGglM0QlMjI2MDAlMjIlMjBoZWlnaHQlM0QlMjI0NTAlMjIlMjBmcmFtZWJvcmRlciUzRCUyMjAlMjIlMjBzdHlsZSUzRCUyMmJvcmRlciUzQTAlM0IlMjIlMjBhbGxvd2Z1bGxzY3JlZW4lM0QlMjIlMjIlMjBhcmlhLWhpZGRlbiUzRCUyMmZhbHNlJTIyJTIwdGFiaW5kZXglM0QlMjIwJTIyJTNFJTNDJTJGaWZyYW1lJTNF&#8221;][\/vc_column][\/vc_row][vc_row][vc_column]<div class=\"rs-partner  \">           \r\n\t\t\t\t\t<div class=\"partner-carousel owl-carousel\" data-carousel-options=\"{&quot;nav&quot;:true,&quot;navText&quot;:[&quot;&lt;i class=&#039;fa fa-angle-left&#039;&gt;&lt;\\\/i&gt;&quot;,&quot;&lt;i class=&#039;fa fa-angle-right&#039;&gt;&lt;\\\/i&gt;&quot;],&quot;dots&quot;:false,&quot;autoplay&quot;:true,&quot;autoplayTimeout&quot;:&quot;5000&quot;,&quot;autoplaySpeed&quot;:&quot;200&quot;,&quot;autoplayHoverPause&quot;:true,&quot;loop&quot;:true,&quot;margin&quot;:30,&quot;responsive&quot;:{&quot;0&quot;:{&quot;items&quot;:&quot;1&quot;},&quot;480&quot;:{&quot;items&quot;:&quot;2&quot;},&quot;768&quot;:{&quot;items&quot;:&quot;3&quot;},&quot;992&quot;:{&quot;items&quot;:&quot;6&quot;},&quot;1200&quot;:{&quot;items&quot;:&quot;6&quot;}}}\"><div class=\"partner-item\">\r\n\t\t\t\t<a href=\"#\" target=\"_blank\"><img src=\"https:\/\/averkonferans.com\/wp-content\/uploads\/2020\/12\/bluejeans.png\" alt=\"Client 6\"><\/a>\r\n\t\t\t\t<\/div><div class=\"partner-item\">\r\n\t\t\t\t<a href=\"#\" target=\"_blank\"><img src=\"https:\/\/averkonferans.com\/wp-content\/uploads\/2020\/12\/intel-unite.png\" alt=\"Client 5\"><\/a>\r\n\t\t\t\t<\/div><div class=\"partner-item\">\r\n\t\t\t\t<a href=\"#\" target=\"_blank\"><img src=\"https:\/\/averkonferans.com\/wp-content\/uploads\/2020\/12\/google-hangouts.png\" alt=\"Client 4\"><\/a>\r\n\t\t\t\t<\/div><div class=\"partner-item\">\r\n\t\t\t\t<a href=\"#\" target=\"_blank\"><img src=\"https:\/\/averkonferans.com\/wp-content\/uploads\/2020\/12\/microsoft-teams-1.png\" alt=\"Client 3\"><\/a>\r\n\t\t\t\t<\/div><div class=\"partner-item\">\r\n\t\t\t\t<a href=\"#\" target=\"_blank\"><img src=\"https:\/\/averkonferans.com\/wp-content\/uploads\/2020\/12\/microsoft-skype-for-business.png\" alt=\"Client 2\"><\/a>\r\n\t\t\t\t<\/div><div class=\"partner-item\">\r\n\t\t\t\t<a href=\"#\" target=\"_blank\"><img src=\"https:\/\/averkonferans.com\/wp-content\/uploads\/2020\/12\/zoom.png\" alt=\"Client 1\"><\/a>\r\n\t\t\t\t<\/div><\/div>\r\n\t<\/div>[\/vc_column][\/vc_row]<\/p>\n","protected":false},"excerpt":{"rendered":"<p>[vc_row full_width=&#8221;stretch_row_content_no_spaces&#8221; css=&#8221;.vc_custom_1509607147265{margin-top: 0px !important;margin-bottom: 0px !important;padding-top: 0px !important;padding-bottom: 0px !important;}&#8221;][vc_column css=&#8221;.vc_custom_1503251047476{margin-top: 0px !important;margin-bottom: 0px !important;}&#8221;][rev_slider_vc alias=&#8221;home1&#8243;][vc_zigzag][\/vc_column][\/vc_row][vc_row][vc_column][vc_images_carousel images=&#8221;3701,3700,3673&#8243; img_size=&#8221;full&#8221; autoplay=&#8221;yes&#8221;][\/vc_column][\/vc_row][vc_row&#8230;<\/p>\n","protected":false},"author":1,"featured_media":0,"parent":0,"menu_order":0,"comment_status":"closed","ping_status":"closed","template":"","meta":[],"_links":{"self":[{"href":"https:\/\/averkonferans.com\/index.php?rest_route=\/wp\/v2\/pages\/1857"}],"collection":[{"href":"https:\/\/averkonferans.com\/index.php?rest_route=\/wp\/v2\/pages"}],"about":[{"href":"https:\/\/averkonferans.com\/index.php?rest_route=\/wp\/v2\/types\/page"}],"author":[{"embeddable":true,"href":"https:\/\/averkonferans.com\/index.php?rest_route=\/wp\/v2\/users\/1"}],"replies":[{"embeddable":true,"href":"https:\/\/averkonferans.com\/index.php?rest_route=%2Fwp%2Fv2%2Fcomments&post=1857"}],"version-history":[{"count":34,"href":"https:\/\/averkonferans.com\/index.php?rest_route=\/wp\/v2\/pages\/1857\/revisions"}],"predecessor-version":[{"id":3903,"href":"https:\/\/averkonferans.com\/index.php?rest_route=\/wp\/v2\/pages\/1857\/revisions\/3903"}],"wp:attachment":[{"href":"https:\/\/averkonferans.com\/index.php?rest_route=%2Fwp%2Fv2%2Fmedia&parent=1857"}],"curies":[{"name":"wp","href":"https:\/\/api.w.org\/{rel}","templated":true}]}}